{"id":19,"date":"2026-03-28T16:24:42","date_gmt":"2026-03-28T16:24:42","guid":{"rendered":"http:\/\/dijonavant.com\/?page_id=19"},"modified":"2026-03-28T16:31:53","modified_gmt":"2026-03-28T16:31:53","slug":"mentions-legales","status":"publish","type":"page","link":"http:\/\/dijonavant.com\/index.php\/mentions-legales\/","title":{"rendered":"Mentions L\u00e9gales"},"content":{"rendered":"\n<p>Moi, c\u2019est Flavien, 54 ans (pour voir ma photo, faites un tour sur Facebook), je suis un passionn\u00e9 de cartes postales anciennes traitant de Dijon (et les villes que je connais) mais aussi de vieux documents (factures, autocollants, documents &amp; plans) sur Dijon et sa si belle r\u00e9gion.<\/p>\n\n\n\n<p>Ce site est enti\u00e8rement cr\u00e9\u00e9 sous Word-Press et adapt\u00e9 a mes besoins.<br><a rel=\"noreferrer noopener\" href=\"https:\/\/web.archive.org\/web\/20250325123610\/https:\/\/www.themeboy.com\/rookie\/\" target=\"_blank\">Th\u00e9me Rookie<\/a>&nbsp;\/&nbsp;<a href=\"https:\/\/web.archive.org\/web\/20250325123610\/https:\/\/fr.wordpress.org\/plugins\/wp-photo-album-plus\/\" target=\"_blank\" rel=\"noreferrer noopener\">Album photo par WP ALBUM PLUS<\/a><\/p>\n\n\n\n<p>Toutes les cartes, plans et photos de ce site appartiennent \u00e0 leurs propri\u00e9taires respectifs.<\/p>\n\n\n\n<p>Ce site a \u00e9t\u00e9 cr\u00e9\u00e9 dans un but non lucratif et n\u2019a donc pas vocation de profit, les \u00e9ventuelles recettes permettent le financement et les frais li\u00e9s \u00e0 la gestion du site.<\/p>\n\n\n\n<p>Pour une utilisation priv\u00e9e ou a but non lucratif d\u2019un scan m\u2019appartenant, merci de demander un accord \u00e9crit (emel) de ma part .<\/p>\n\n\n\n<p>Une r\u00e9f\u00e9rence \u00e0 ce site est obligatoire (pr\u00e9ferable) pour toute utilisation d\u2019un scan d\u2019une CPA (merci).<\/p>\n\n\n\n<p>Ce site est h\u00e9b\u00e9rg\u00e9 sur un serveur mutualis\u00e9 chez Online.net \u2013 Online SAS BP 438 75366 PARIS CEDEX 08<\/p>\n\n\n\n<p>http:\/\/www.dijonavant.com, http:\/\/www.dijonavant.fr \u00a9 2008-2022 Flavien RACLOT.<\/p>\n\n\n\n<p>Toute utilisation commerciale ou dans un site personnel, est strictement interdite sans l\u2019accord pr\u00e9alable de l\u2019auteur \u00a9<\/p>\n\n\n\n<p><\/p>\n","protected":false},"excerpt":{"rendered":"<p>Moi, c\u2019est Flavien, 54 ans (pour voir ma photo, faites un tour sur Facebook), je suis un passionn\u00e9 de cartes postales anciennes traitant de Dijon (et les villes que je connais) mais aussi de vieux documents (factures, autocollants, documents &amp; plans) sur Dijon et sa si belle r\u00e9gion. Ce site est enti\u00e8rement cr\u00e9\u00e9 sous Word-Press [&hellip;]<\/p>\n","protected":false},"author":1,"featured_media":0,"parent":0,"menu_order":0,"comment_status":"closed","ping_status":"closed","template":"","meta":{"_monsterinsights_skip_tracking":false,"_monsterinsights_sitenote_active":false,"_monsterinsights_sitenote_note":"","_monsterinsights_sitenote_category":0,"_uf_show_specific_survey":0,"_uf_disable_surveys":false,"ngg_post_thumbnail":0,"footnotes":""},"class_list":["post-19","page","type-page","status-publish","hentry"],"_links":{"self":[{"href":"http:\/\/dijonavant.com\/index.php\/wp-json\/wp\/v2\/pages\/19","targetHints":{"allow":["GET"]}}],"collection":[{"href":"http:\/\/dijonavant.com\/index.php\/wp-json\/wp\/v2\/pages"}],"about":[{"href":"http:\/\/dijonavant.com\/index.php\/wp-json\/wp\/v2\/types\/page"}],"author":[{"embeddable":true,"href":"http:\/\/dijonavant.com\/index.php\/wp-json\/wp\/v2\/users\/1"}],"replies":[{"embeddable":true,"href":"http:\/\/dijonavant.com\/index.php\/wp-json\/wp\/v2\/comments?post=19"}],"version-history":[{"count":2,"href":"http:\/\/dijonavant.com\/index.php\/wp-json\/wp\/v2\/pages\/19\/revisions"}],"predecessor-version":[{"id":30,"href":"http:\/\/dijonavant.com\/index.php\/wp-json\/wp\/v2\/pages\/19\/revisions\/30"}],"wp:attachment":[{"href":"http:\/\/dijonavant.com\/index.php\/wp-json\/wp\/v2\/media?parent=19"}],"curies":[{"name":"wp","href":"https:\/\/api.w.org\/{rel}","templated":true}]}}